{"id":92,"date":"2019-12-26T16:43:32","date_gmt":"2019-12-26T16:43:32","guid":{"rendered":"https:\/\/neu.martha-haar.at\/?page_id=92"},"modified":"2019-12-26T18:54:03","modified_gmt":"2019-12-26T18:54:03","slug":"anfahrt","status":"publish","type":"page","link":"https:\/\/www.martha-haar.at\/?page_id=92","title":{"rendered":"Anfahrt"},"content":{"rendered":"\n<p>So finden sie zu uns:<\/p>\n\n\n\n<p>Bahnstra\u00dfe 40 in 2281 Raasdorf bei Wien<\/p>\n\n\n\n<ul><li>nur wenige Kilometer au\u00dferhalb von Wien<\/li><li>Gro\u00dfer Parkplatz im Hof<\/li><\/ul>\n\n\n\n<iframe loading=\"lazy\" src=\"https:\/\/www.google.com\/maps\/embed?pb=!1m18!1m12!1m3!1d3812.331161276903!2d16.56816751188652!3d48.24364178965017!2m3!1f0!2f0!3f0!3m2!1i1024!2i768!4f13.1!3m3!1m2!1s0x476d0206e2c22159%3A0x519f8b6c56e3b785!2sMartha%20Haar!5e0!3m2!1sde!2sat!4v1577378227894!5m2!1sde!2sat\" width=\"600\" height=\"450\" frameborder=\"0\" style=\"border:0;\" allowfullscreen=\"\"><\/iframe>\n","protected":false},"excerpt":{"rendered":"<p>So finden sie zu uns: Bahnstra\u00dfe 40 in 2281 Raasdorf bei Wien nur wenige Kilometer au\u00dferhalb von Wien Gro\u00dfer Parkplatz im Hof<\/p>\n","protected":false},"author":2,"featured_media":0,"parent":0,"menu_order":0,"comment_status":"closed","ping_status":"closed","template":"","meta":[],"_links":{"self":[{"href":"https:\/\/www.martha-haar.at\/index.php?rest_route=\/wp\/v2\/pages\/92"}],"collection":[{"href":"https:\/\/www.martha-haar.at\/index.php?rest_route=\/wp\/v2\/pages"}],"about":[{"href":"https:\/\/www.martha-haar.at\/index.php?rest_route=\/wp\/v2\/types\/page"}],"author":[{"embeddable":true,"href":"https:\/\/www.martha-haar.at\/index.php?rest_route=\/wp\/v2\/users\/2"}],"replies":[{"embeddable":true,"href":"https:\/\/www.martha-haar.at\/index.php?rest_route=%2Fwp%2Fv2%2Fcomments&post=92"}],"version-history":[{"count":4,"href":"https:\/\/www.martha-haar.at\/index.php?rest_route=\/wp\/v2\/pages\/92\/revisions"}],"predecessor-version":[{"id":115,"href":"https:\/\/www.martha-haar.at\/index.php?rest_route=\/wp\/v2\/pages\/92\/revisions\/115"}],"wp:attachment":[{"href":"https:\/\/www.martha-haar.at\/index.php?rest_route=%2Fwp%2Fv2%2Fmedia&parent=92"}],"curies":[{"name":"wp","href":"https:\/\/api.w.org\/{rel}","templated":true}]}}